{"id":267,"date":"2017-05-05T16:33:20","date_gmt":"2017-05-05T14:33:20","guid":{"rendered":"http:\/\/pharmaprim.com\/?page_id=267"},"modified":"2021-03-26T09:45:38","modified_gmt":"2021-03-26T08:45:38","slug":"what-we-do","status":"publish","type":"page","link":"https:\/\/pharmaprim.com\/","title":{"rendered":"HVAD VI LAVER"},"content":{"rendered":"<div class=\"page\" title=\"Page 1\">\n<div class=\"section\">\n<div class=\"layoutArea\">\n<div class=\"column\">\n<h3>Pharmaprim markedsf\u00f8rer og s\u00e6lger l\u00e6gemidler og medicinsk udstyr i Norden. Vores produkter kommer fra veletablerede og h\u00f8jt ansete samarbejdspartnere i Europa.<\/h3>\n<h3>Vi har et t\u00e6t samarbejde med nordiske akt\u00f8rer inden for logistik, registrering, sundheds\u00f8konomi og sikkerhedsoverv\u00e5gning.<\/h3>\n<\/div>\n<\/div>\n<\/div>\n<\/div>\n<p><a class=\"bttn read-more-bttn\" href=\"\/en\/about-us\">L\u00c6S MERE<\/a><\/p>\n","protected":false},"excerpt":{"rendered":"<p>Pharmaprim markedsf\u00f8rer og s\u00e6lger l\u00e6gemidler og medicinsk udstyr i Norden. Vores produkter kommer fra veletablerede og h\u00f8jt ansete samarbejdspartnere i Europa. Vi har et t\u00e6t samarbejde med nordiske akt\u00f8rer inden for logistik, registrering, sundheds\u00f8konomi og sikkerhedsoverv\u00e5gning. L\u00c6S MERE<\/p>\n","protected":false},"author":1,"featured_media":0,"parent":0,"menu_order":0,"comment_status":"closed","ping_status":"closed","template":"","meta":{"footnotes":"","_locale":"da_DK","_original_post":"2"},"_links":{"self":[{"href":"https:\/\/pharmaprim.com\/wp-json\/wp\/v2\/pages\/267"}],"collection":[{"href":"https:\/\/pharmaprim.com\/wp-json\/wp\/v2\/pages"}],"about":[{"href":"https:\/\/pharmaprim.com\/wp-json\/wp\/v2\/types\/page"}],"author":[{"embeddable":true,"href":"https:\/\/pharmaprim.com\/wp-json\/wp\/v2\/users\/1"}],"replies":[{"embeddable":true,"href":"https:\/\/pharmaprim.com\/wp-json\/wp\/v2\/comments?post=267"}],"version-history":[{"count":1,"href":"https:\/\/pharmaprim.com\/wp-json\/wp\/v2\/pages\/267\/revisions"}],"predecessor-version":[{"id":268,"href":"https:\/\/pharmaprim.com\/wp-json\/wp\/v2\/pages\/267\/revisions\/268"}],"wp:attachment":[{"href":"https:\/\/pharmaprim.com\/wp-json\/wp\/v2\/media?parent=267"}],"curies":[{"name":"wp","href":"https:\/\/api.w.org\/{rel}","templated":true}]}}