{"id":269,"date":"2017-05-05T16:34:20","date_gmt":"2017-05-05T14:34:20","guid":{"rendered":"http:\/\/pharmaprim.com\/?page_id=269"},"modified":"2017-05-05T16:34:20","modified_gmt":"2017-05-05T14:34:20","slug":"about-us","status":"publish","type":"page","link":"https:\/\/pharmaprim.com\/da\/about-us\/","title":{"rendered":"Om os"},"content":{"rendered":"<p>Pharmaprim er et privatejet medicinalfirma, der driver virksomhed over hele Norden. Vores produkter er prim\u00e6rt receptpligtige l\u00e6gemidler, men vi har ogs\u00e5 CE-m\u00e6rket medicinsk udstyr i portef\u00f8ljen. Pharmaprim vokser hurtigt, og i de kommende \u00e5r vil der blive lanceret flere nye produkter.<\/p>\n<p>Vores produkter kommer fra udenlandske virksomheder, som gerne vil have en succesrig tilstedev\u00e6relse i Norden. Hos Pharmaprim udv\u00e6lger vi omhyggeligt vores produkter via en streng udv\u00e6lgelsesproces, hvor vi str\u00e6ber efter at have en portef\u00f8lje af produkter inden for sygdomsomr\u00e5der, hvor behovet er stort, og hvor der kan opn\u00e5s synergier mellem produkter i markedsf\u00f8ring og salg.<\/p>\n<p class=\"p1\">Vores medarbejdere har en omfattende brancheerfaring med mange succesrige projekter bag sig. Vi har vores kernekompetencer inden for markedsf\u00f8ring, salg og forretningsudvikling. Vi stiller h\u00f8je krav til sikkerhed, dokumentation og kvalitet vedr\u00f8rende vores produkter.<\/p>\n<h3>Hvad vi laver<\/h3>\n<p>Pharmaprim markedsf\u00f8rer og s\u00e6lger l\u00e6gemidler og medicinsk udstyr i Norden. Vores produkter kommer fra veletablerede og h\u00f8jt ansete samarbejdspartnere i Europa. Vi har et t\u00e6t samarbejde med nordiske akt\u00f8rer inden for logistik, registrering, sundheds\u00f8konomi og sikkerhedsoverv\u00e5gning.<\/p>\n","protected":false},"excerpt":{"rendered":"<p>Pharmaprim er et privatejet medicinalfirma, der driver virksomhed over hele Norden. Vores produkter er prim\u00e6rt receptpligtige l\u00e6gemidler, men vi har ogs\u00e5 CE-m\u00e6rket medicinsk udstyr i portef\u00f8ljen. Pharmaprim vokser hurtigt, og i de kommende \u00e5r vil der blive lanceret flere nye produkter. Vores produkter kommer fra udenlandske virksomheder, som gerne vil have en succesrig tilstedev\u00e6relse i [&hellip;]<\/p>\n","protected":false},"author":1,"featured_media":132,"parent":0,"menu_order":0,"comment_status":"closed","ping_status":"closed","template":"","meta":{"footnotes":"","_locale":"da_DK","_original_post":"106"},"_links":{"self":[{"href":"https:\/\/pharmaprim.com\/wp-json\/wp\/v2\/pages\/269"}],"collection":[{"href":"https:\/\/pharmaprim.com\/wp-json\/wp\/v2\/pages"}],"about":[{"href":"https:\/\/pharmaprim.com\/wp-json\/wp\/v2\/types\/page"}],"author":[{"embeddable":true,"href":"https:\/\/pharmaprim.com\/wp-json\/wp\/v2\/users\/1"}],"replies":[{"embeddable":true,"href":"https:\/\/pharmaprim.com\/wp-json\/wp\/v2\/comments?post=269"}],"version-history":[{"count":1,"href":"https:\/\/pharmaprim.com\/wp-json\/wp\/v2\/pages\/269\/revisions"}],"predecessor-version":[{"id":270,"href":"https:\/\/pharmaprim.com\/wp-json\/wp\/v2\/pages\/269\/revisions\/270"}],"wp:featuredmedia":[{"embeddable":true,"href":"https:\/\/pharmaprim.com\/wp-json\/wp\/v2\/media\/132"}],"wp:attachment":[{"href":"https:\/\/pharmaprim.com\/wp-json\/wp\/v2\/media?parent=269"}],"curies":[{"name":"wp","href":"https:\/\/api.w.org\/{rel}","templated":true}]}}