{"id":273,"date":"2017-05-05T16:35:25","date_gmt":"2017-05-05T14:35:25","guid":{"rendered":"http:\/\/pharmaprim.com\/?page_id=273"},"modified":"2017-05-05T16:35:25","modified_gmt":"2017-05-05T14:35:25","slug":"business-development","status":"publish","type":"page","link":"https:\/\/pharmaprim.com\/da\/business-development\/","title":{"rendered":"Forretningsudvikling"},"content":{"rendered":"<p>Pharmaprim har et bredt internationalt netv\u00e6rk af virksomheder, der s\u00f8ger tilstedev\u00e6relse i Norden. Vi har lang erfaring med ind- og udlicensiering, med at vurdere forretningsmuligheder og med at etablere langsigtede relationer. Vi er i regelm\u00e6ssig dialog med vores netv\u00e6rk af etablerede udenlandske virksomheder og evaluerer l\u00f8bende nye potentielle produkter til det nordiske sundhedsv\u00e6sen &#8211; produkter, som lever op til de h\u00f8je krav, vi stiller.<\/p>\n","protected":false},"excerpt":{"rendered":"<p>Pharmaprim har et bredt internationalt netv\u00e6rk af virksomheder, der s\u00f8ger tilstedev\u00e6relse i Norden. Vi har lang erfaring med ind- og udlicensiering, med at vurdere forretningsmuligheder og med at etablere langsigtede relationer. Vi er i regelm\u00e6ssig dialog med vores netv\u00e6rk af etablerede udenlandske virksomheder og evaluerer l\u00f8bende nye potentielle produkter til det nordiske sundhedsv\u00e6sen &#8211; produkter, [&hellip;]<\/p>\n","protected":false},"author":1,"featured_media":139,"parent":0,"menu_order":0,"comment_status":"closed","ping_status":"closed","template":"","meta":{"footnotes":"","_locale":"da_DK","_original_post":"29"},"_links":{"self":[{"href":"https:\/\/pharmaprim.com\/wp-json\/wp\/v2\/pages\/273"}],"collection":[{"href":"https:\/\/pharmaprim.com\/wp-json\/wp\/v2\/pages"}],"about":[{"href":"https:\/\/pharmaprim.com\/wp-json\/wp\/v2\/types\/page"}],"author":[{"embeddable":true,"href":"https:\/\/pharmaprim.com\/wp-json\/wp\/v2\/users\/1"}],"replies":[{"embeddable":true,"href":"https:\/\/pharmaprim.com\/wp-json\/wp\/v2\/comments?post=273"}],"version-history":[{"count":1,"href":"https:\/\/pharmaprim.com\/wp-json\/wp\/v2\/pages\/273\/revisions"}],"predecessor-version":[{"id":274,"href":"https:\/\/pharmaprim.com\/wp-json\/wp\/v2\/pages\/273\/revisions\/274"}],"wp:featuredmedia":[{"embeddable":true,"href":"https:\/\/pharmaprim.com\/wp-json\/wp\/v2\/media\/139"}],"wp:attachment":[{"href":"https:\/\/pharmaprim.com\/wp-json\/wp\/v2\/media?parent=273"}],"curies":[{"name":"wp","href":"https:\/\/api.w.org\/{rel}","templated":true}]}}