{"id":275,"date":"2017-05-05T16:37:00","date_gmt":"2017-05-05T14:37:00","guid":{"rendered":"http:\/\/pharmaprim.com\/?page_id=275"},"modified":"2023-10-10T14:47:37","modified_gmt":"2023-10-10T12:47:37","slug":"our-products","status":"publish","type":"page","link":"https:\/\/pharmaprim.com\/da\/our-products\/","title":{"rendered":"Vores produkter"},"content":{"rendered":"<div class=\"page\" title=\"Page 1\">\n<div class=\"section\">\n<div class=\"layoutArea\">\n<div class=\"column\">\n<p>Vores produktportef\u00f8lje er i rivende udvikling. Den best\u00e5r af receptpligtige l\u00e6gemidler og CE-m\u00e6rket medicinsk udstyr til brug prim\u00e6rt inden for speciall\u00e6gebehandling. Vores nuv\u00e6rende sygdomsomr\u00e5der er urologi, reumatologi og osteoporose. Vi evaluerer l\u00f8bende nye produkter og str\u00e6ber efter at have en portef\u00f8lje, hvor der kan opn\u00e5s synergier mellem m\u00e5lgrupper og sygdomsomr\u00e5der, s\u00e5 vi derigennem kan arbejde smart og omkostningseffektivt.<\/p>\n<h3>Urologi<\/h3>\n<p>I efter\u00e5ret 2016 lancerede\u00a0Pharmaprim en ny selektiv fosfodiesteraseh\u00e6mmer (PDE5-h\u00e6mmer) til behandling af erektil dysfunktion hos voksne m\u00e6nd. L\u00e6gemidlet hedder Spedra (avanafil) og kan k\u00f8bes\u00a0i Sverige, Norge og Danmark.<\/p>\n<h3>Reumatologi<\/h3>\n<p>I 2017 introducerer vi Adenuric (febuxostat), som er et l\u00e6gemiddel til behandling af gigt. Vi henvender os i f\u00f8rste omgang til reumatologer, som m\u00f8der gigtpatienter, som allerede har pr\u00f8vet en anden behandling. Adenuric har v\u00e6ret tilg\u00e6ngeligt siden 2009 i flere andre lande i Europa. Klik her for at l\u00e6se mere om\u00a0<a href=\"http:\/\/www.fass.se\/LIF\/result?query=adenuric&amp;userType=0\">Adenuric p\u00e5 FASS\u00a0<\/a><\/p>\n<h3>Osteoporose<\/h3>\n<p>Pharmaprim har en aftale med schweiziske EffRx om distribution og markedsf\u00f8ring af et nyt l\u00e6gemiddel inden for osteoporose i Norden. Vi forventer os at kunne lancere i Danmark under 2019.<\/p>\n<h3>Andre sygdomsomr\u00e5der<\/h3>\n<p>Pharmaprim evaluerer l\u00f8bende produkter, som lever op til de h\u00f8je krav, vi stiller til sikkerhed, dokumentation og kvalitet, og som opfylder vigtige behov for patienter og sundhedspersonale.<\/p>\n<\/div>\n<\/div>\n<\/div>\n<\/div>\n","protected":false},"excerpt":{"rendered":"<p>Vores produktportef\u00f8lje er i rivende udvikling. Den best\u00e5r af receptpligtige l\u00e6gemidler og CE-m\u00e6rket medicinsk udstyr til brug prim\u00e6rt inden for speciall\u00e6gebehandling. Vores nuv\u00e6rende sygdomsomr\u00e5der er urologi, reumatologi og osteoporose. Vi evaluerer l\u00f8bende nye produkter og str\u00e6ber efter at have en portef\u00f8lje, hvor der kan opn\u00e5s synergier mellem m\u00e5lgrupper og sygdomsomr\u00e5der, s\u00e5 vi derigennem kan arbejde [&hellip;]<\/p>\n","protected":false},"author":1,"featured_media":132,"parent":0,"menu_order":0,"comment_status":"closed","ping_status":"closed","template":"","meta":{"footnotes":"","_locale":"da_DK","_original_post":"13"},"_links":{"self":[{"href":"https:\/\/pharmaprim.com\/wp-json\/wp\/v2\/pages\/275"}],"collection":[{"href":"https:\/\/pharmaprim.com\/wp-json\/wp\/v2\/pages"}],"about":[{"href":"https:\/\/pharmaprim.com\/wp-json\/wp\/v2\/types\/page"}],"author":[{"embeddable":true,"href":"https:\/\/pharmaprim.com\/wp-json\/wp\/v2\/users\/1"}],"replies":[{"embeddable":true,"href":"https:\/\/pharmaprim.com\/wp-json\/wp\/v2\/comments?post=275"}],"version-history":[{"count":5,"href":"https:\/\/pharmaprim.com\/wp-json\/wp\/v2\/pages\/275\/revisions"}],"predecessor-version":[{"id":454,"href":"https:\/\/pharmaprim.com\/wp-json\/wp\/v2\/pages\/275\/revisions\/454"}],"wp:featuredmedia":[{"embeddable":true,"href":"https:\/\/pharmaprim.com\/wp-json\/wp\/v2\/media\/132"}],"wp:attachment":[{"href":"https:\/\/pharmaprim.com\/wp-json\/wp\/v2\/media?parent=275"}],"curies":[{"name":"wp","href":"https:\/\/api.w.org\/{rel}","templated":true}]}}