{"id":280,"date":"2017-05-05T16:37:46","date_gmt":"2017-05-05T14:37:46","guid":{"rendered":"http:\/\/pharmaprim.com\/?page_id=280"},"modified":"2023-09-19T15:51:59","modified_gmt":"2023-09-19T13:51:59","slug":"security-and-quality","status":"publish","type":"page","link":"https:\/\/pharmaprim.com\/da\/security-and-quality\/","title":{"rendered":"Sikkerhed og kvalitet"},"content":{"rendered":"<div class=\"page\" title=\"Page 1\">\n<div class=\"section\">\n<div class=\"layoutArea\">\n<div class=\"column\">\n<p>Patientens sikkerhed har h\u00f8jeste prioritet for os. Vores produkter lever op til de h\u00f8je krav til sikkerhed og kvalitet, som stilles af europ\u00e6iske og nationale godkendende og overv\u00e5gende myndigheder. Pharmaprim har tilladelse til engroshandel udstedt af den svenske l\u00e6gemiddelstyrelse (L\u00e4kemedelsverket). Vores producenter og distribut\u00f8rer lever op til internationale standarder inden for Good Manufacturing Practice (GMP) og Good Distribution Practice (GDP). Vi gennemf\u00f8rer regelm\u00e6ssige kontroller af vores leverand\u00f8rer og distribut\u00f8rer og har et system til opf\u00f8lgning af sikkerhed og kvalitet.<\/p>\n<p>Pharmaprim er medlem af den svenske l\u00e6gemiddelforsikring (L\u00e4kemedelsf\u00f6rs\u00e4kringen) og af den tilsvarende pendant i Norge, Legemiddelforsikringen.<\/p>\n<p>Kontakt:<\/p>\n<p>Til indberetning af bivirkninger eller ved kvalitets-\/sikkerhedssp\u00f8rgsm\u00e5l: Send en mail til <a href=\"mailto:info@pharmaprim.com\">pharmaprim@srs.se<\/a> eller ring til +46 8 35 59 33<\/p>\n<\/div>\n<\/div>\n<\/div>\n<\/div>\n","protected":false},"excerpt":{"rendered":"<p>Patientens sikkerhed har h\u00f8jeste prioritet for os. Vores produkter lever op til de h\u00f8je krav til sikkerhed og kvalitet, som stilles af europ\u00e6iske og nationale godkendende og overv\u00e5gende myndigheder. Pharmaprim har tilladelse til engroshandel udstedt af den svenske l\u00e6gemiddelstyrelse (L\u00e4kemedelsverket). Vores producenter og distribut\u00f8rer lever op til internationale standarder inden for Good Manufacturing Practice (GMP) [&hellip;]<\/p>\n","protected":false},"author":1,"featured_media":133,"parent":0,"menu_order":0,"comment_status":"closed","ping_status":"closed","template":"","meta":{"footnotes":"","_locale":"da_DK","_original_post":"31"},"_links":{"self":[{"href":"https:\/\/pharmaprim.com\/wp-json\/wp\/v2\/pages\/280"}],"collection":[{"href":"https:\/\/pharmaprim.com\/wp-json\/wp\/v2\/pages"}],"about":[{"href":"https:\/\/pharmaprim.com\/wp-json\/wp\/v2\/types\/page"}],"author":[{"embeddable":true,"href":"https:\/\/pharmaprim.com\/wp-json\/wp\/v2\/users\/1"}],"replies":[{"embeddable":true,"href":"https:\/\/pharmaprim.com\/wp-json\/wp\/v2\/comments?post=280"}],"version-history":[{"count":4,"href":"https:\/\/pharmaprim.com\/wp-json\/wp\/v2\/pages\/280\/revisions"}],"predecessor-version":[{"id":452,"href":"https:\/\/pharmaprim.com\/wp-json\/wp\/v2\/pages\/280\/revisions\/452"}],"wp:featuredmedia":[{"embeddable":true,"href":"https:\/\/pharmaprim.com\/wp-json\/wp\/v2\/media\/133"}],"wp:attachment":[{"href":"https:\/\/pharmaprim.com\/wp-json\/wp\/v2\/media?parent=280"}],"curies":[{"name":"wp","href":"https:\/\/api.w.org\/{rel}","templated":true}]}}