{"id":400,"date":"2021-09-17T15:19:07","date_gmt":"2021-09-17T13:19:07","guid":{"rendered":"https:\/\/pharmaprim.com\/?page_id=400"},"modified":"2021-09-17T15:19:07","modified_gmt":"2021-09-17T13:19:07","slug":"business-development","status":"publish","type":"page","link":"https:\/\/pharmaprim.com\/nb\/business-development\/","title":{"rendered":"Forretningsutvikling"},"content":{"rendered":"<p>Pharmaprim har et omfattende internasjonalt nettverk av selskaper som \u00f8nsker \u00e5 v\u00e6re representert i Norden. Vi har lang erfaring med inn- og utlisensiering, vurdering av forretningsmuligheter og etablering av langsiktige relasjoner. Vi har jevnlig dialog med nettverket v\u00e5rt av etablerte foretak i utlandet og vurderer kontinuerlig nye potensielle produkter for helsevesenet i Norden, som er i tr\u00e5d med kravene vi har til produktene vi tilbyr.<\/p>\n","protected":false},"excerpt":{"rendered":"<p>Pharmaprim har et omfattende internasjonalt nettverk av selskaper som \u00f8nsker \u00e5 v\u00e6re representert i Norden. Vi har lang erfaring med inn- og utlisensiering, vurdering av forretningsmuligheter og etablering av langsiktige relasjoner. Vi har jevnlig dialog med nettverket v\u00e5rt av etablerte foretak i utlandet og vurderer kontinuerlig nye potensielle produkter for helsevesenet i Norden, som er [&hellip;]<\/p>\n","protected":false},"author":1,"featured_media":139,"parent":0,"menu_order":0,"comment_status":"closed","ping_status":"closed","template":"","meta":{"footnotes":"","_locale":"nb_NO","_original_post":"29"},"_links":{"self":[{"href":"https:\/\/pharmaprim.com\/wp-json\/wp\/v2\/pages\/400"}],"collection":[{"href":"https:\/\/pharmaprim.com\/wp-json\/wp\/v2\/pages"}],"about":[{"href":"https:\/\/pharmaprim.com\/wp-json\/wp\/v2\/types\/page"}],"author":[{"embeddable":true,"href":"https:\/\/pharmaprim.com\/wp-json\/wp\/v2\/users\/1"}],"replies":[{"embeddable":true,"href":"https:\/\/pharmaprim.com\/wp-json\/wp\/v2\/comments?post=400"}],"version-history":[{"count":1,"href":"https:\/\/pharmaprim.com\/wp-json\/wp\/v2\/pages\/400\/revisions"}],"predecessor-version":[{"id":409,"href":"https:\/\/pharmaprim.com\/wp-json\/wp\/v2\/pages\/400\/revisions\/409"}],"wp:featuredmedia":[{"embeddable":true,"href":"https:\/\/pharmaprim.com\/wp-json\/wp\/v2\/media\/139"}],"wp:attachment":[{"href":"https:\/\/pharmaprim.com\/wp-json\/wp\/v2\/media?parent=400"}],"curies":[{"name":"wp","href":"https:\/\/api.w.org\/{rel}","templated":true}]}}