{"id":401,"date":"2021-09-17T15:19:08","date_gmt":"2021-09-17T13:19:08","guid":{"rendered":"https:\/\/pharmaprim.com\/?page_id=401"},"modified":"2021-09-17T15:33:53","modified_gmt":"2021-09-17T13:33:53","slug":"what-we-do","status":"publish","type":"page","link":"https:\/\/pharmaprim.com\/","title":{"rendered":"HVA VI GJ\u00d8R"},"content":{"rendered":"<div class=\"page\" title=\"Page 1\">\n<div class=\"section\">\n<div class=\"layoutArea\">\n<div class=\"column\">\n<h3>Pharmaprim markedsf\u00f8rer og selger legemidler og medisintekniske produkter i Norden. Produktene v\u00e5re kommer fra etablerte og anerkjente samarbeidspartnere i Europa.<\/h3>\n<h3>Vi har et integrert samarbeid med nordiske akt\u00f8rer innenfor logistikk, registrering, helse\u00f8konomi og sikkerhetsoppf\u00f8lging.<\/h3>\n<\/div>\n<\/div>\n<\/div>\n<\/div>\n<p><a class=\"bttn read-more-bttn\" href=\"\/nb\/about-us\">Les mer<\/a><\/p>\n","protected":false},"excerpt":{"rendered":"<p>Pharmaprim markedsf\u00f8rer og selger legemidler og medisintekniske produkter i Norden. Produktene v\u00e5re kommer fra etablerte og anerkjente samarbeidspartnere i Europa. Vi har et integrert samarbeid med nordiske akt\u00f8rer innenfor logistikk, registrering, helse\u00f8konomi og sikkerhetsoppf\u00f8lging. Les mer<\/p>\n","protected":false},"author":1,"featured_media":0,"parent":0,"menu_order":0,"comment_status":"closed","ping_status":"closed","template":"","meta":{"footnotes":"","_locale":"nb_NO","_original_post":"2"},"_links":{"self":[{"href":"https:\/\/pharmaprim.com\/wp-json\/wp\/v2\/pages\/401"}],"collection":[{"href":"https:\/\/pharmaprim.com\/wp-json\/wp\/v2\/pages"}],"about":[{"href":"https:\/\/pharmaprim.com\/wp-json\/wp\/v2\/types\/page"}],"author":[{"embeddable":true,"href":"https:\/\/pharmaprim.com\/wp-json\/wp\/v2\/users\/1"}],"replies":[{"embeddable":true,"href":"https:\/\/pharmaprim.com\/wp-json\/wp\/v2\/comments?post=401"}],"version-history":[{"count":2,"href":"https:\/\/pharmaprim.com\/wp-json\/wp\/v2\/pages\/401\/revisions"}],"predecessor-version":[{"id":428,"href":"https:\/\/pharmaprim.com\/wp-json\/wp\/v2\/pages\/401\/revisions\/428"}],"wp:attachment":[{"href":"https:\/\/pharmaprim.com\/wp-json\/wp\/v2\/media?parent=401"}],"curies":[{"name":"wp","href":"https:\/\/api.w.org\/{rel}","templated":true}]}}