{"id":404,"date":"2021-09-17T15:19:08","date_gmt":"2021-09-17T13:19:08","guid":{"rendered":"https:\/\/pharmaprim.com\/?page_id=404"},"modified":"2021-09-17T15:19:08","modified_gmt":"2021-09-17T13:19:08","slug":"about-us","status":"publish","type":"page","link":"https:\/\/pharmaprim.com\/nb\/about-us\/","title":{"rendered":"Om oss"},"content":{"rendered":"<p>Pharmaprim er et privateid legemiddelfirma med virksomhet over hele Norden. V\u00e5re produkter er hovedsakelig reseptbelagte legemidler, men vi har ogs\u00e5 medisintekniske, CE-merkede produkter i portef\u00f8ljen. Pharmaprim vokser raskt, og flere produkter vil bli lansert i l\u00f8pet av de n\u00e6rmeste \u00e5rene. I dag er vi virksomme innenfor urologi (erektil dysfunksjon og nyrestein), endokrinologi (osteoporose) og revmatologi (urinsyregikt).<\/p>\n<p>Produktene v\u00e5re kommer fra utenlandske selskaper som \u00f8nsker en dyktig salgsrepresentant i Norden. I Pharmaprim velger vi n\u00f8ye ut produktene vi selger gjennom en streng utvelgelsesprosess som skal sikre en portef\u00f8lje med produkter innen sykdomsomr\u00e5der der behovet er stort, og der synergier mellom produkter kan oppn\u00e5s i markedsf\u00f8ring og salg.<\/p>\n<p>V\u00e5re medarbeidere har solid bransjeerfaring og en rekke vellykkede prosjekter bak seg. V\u00e5r kjernekompetansen ligger innenfor markedsf\u00f8ring, salg og forretningsutvikling. Vi stiller h\u00f8ye krav til sikkerhet, dokumentasjon og kvalitet i forbindelse med produktene v\u00e5re.<\/p>\n<h3 class=\"p1\">Hva vi gj\u00f8r<\/h3>\n<p>Pharmaprim markedsf\u00f8rer og selger legemidler og medisintekniske produkter i Norden. Produktene v\u00e5re kommer fra etablerte og anerkjente samarbeidspartnere i Europa. Vi har et integrert samarbeid med nordiske akt\u00f8rer innenfor logistikk, registrering, helse\u00f8konomi og sikkerhetsoppf\u00f8lging. Vi markedsf\u00f8rer legemiddel for behandling av impotens, benskj\u00f8rhet, nyrestein og urinsyregikt. Vi arransjerer m\u00f8ter med helsepersonell og bidrar til spedring av informasjon og kunnskap innenf\u00f8r de behandlingsomr\u00e5der hvor vi har legemiddel.<\/p>\n<p class=\"p1\"><span class=\"s1\">\u00a0<\/span><\/p>\n","protected":false},"excerpt":{"rendered":"<p>Pharmaprim er et privateid legemiddelfirma med virksomhet over hele Norden. V\u00e5re produkter er hovedsakelig reseptbelagte legemidler, men vi har ogs\u00e5 medisintekniske, CE-merkede produkter i portef\u00f8ljen. Pharmaprim vokser raskt, og flere produkter vil bli lansert i l\u00f8pet av de n\u00e6rmeste \u00e5rene. I dag er vi virksomme innenfor urologi (erektil dysfunksjon og nyrestein), endokrinologi (osteoporose) og revmatologi [&hellip;]<\/p>\n","protected":false},"author":1,"featured_media":132,"parent":0,"menu_order":0,"comment_status":"closed","ping_status":"closed","template":"","meta":{"footnotes":"","_locale":"nb_NO","_original_post":"106"},"_links":{"self":[{"href":"https:\/\/pharmaprim.com\/wp-json\/wp\/v2\/pages\/404"}],"collection":[{"href":"https:\/\/pharmaprim.com\/wp-json\/wp\/v2\/pages"}],"about":[{"href":"https:\/\/pharmaprim.com\/wp-json\/wp\/v2\/types\/page"}],"author":[{"embeddable":true,"href":"https:\/\/pharmaprim.com\/wp-json\/wp\/v2\/users\/1"}],"replies":[{"embeddable":true,"href":"https:\/\/pharmaprim.com\/wp-json\/wp\/v2\/comments?post=404"}],"version-history":[{"count":1,"href":"https:\/\/pharmaprim.com\/wp-json\/wp\/v2\/pages\/404\/revisions"}],"predecessor-version":[{"id":413,"href":"https:\/\/pharmaprim.com\/wp-json\/wp\/v2\/pages\/404\/revisions\/413"}],"wp:featuredmedia":[{"embeddable":true,"href":"https:\/\/pharmaprim.com\/wp-json\/wp\/v2\/media\/132"}],"wp:attachment":[{"href":"https:\/\/pharmaprim.com\/wp-json\/wp\/v2\/media?parent=404"}],"curies":[{"name":"wp","href":"https:\/\/api.w.org\/{rel}","templated":true}]}}