{"id":405,"date":"2021-09-17T15:19:08","date_gmt":"2021-09-17T13:19:08","guid":{"rendered":"https:\/\/pharmaprim.com\/?page_id=405"},"modified":"2023-09-19T15:49:11","modified_gmt":"2023-09-19T13:49:11","slug":"security-and-quality","status":"publish","type":"page","link":"https:\/\/pharmaprim.com\/nb\/security-and-quality\/","title":{"rendered":"Sikkerhet og kvalitet"},"content":{"rendered":"<div class=\"page\" title=\"Page 1\">\n<div class=\"section\">\n<div class=\"layoutArea\">\n<div class=\"column\">\n<p>Pasientens sikkerhet har h\u00f8yeste prioritet for oss. Produktene v\u00e5re lever opp til de strenge kravene som stilles til sikkerhet og kvalitet fra europeiske og nasjonale overv\u00e5knings- og godkjenningsmyndigheter. Pharmaprim har grossisttillatelse utstedt av det svenske L\u00e4kemedelsverket. V\u00e5re produsenter og distribut\u00f8rer lever opp til internasjonale standarder innen Good Manufacturing Practice (GMP) og Good Distribution Practice (GDP). Vi utf\u00f8rer jevnlige kontroller av leverand\u00f8rer og distribut\u00f8rer og har systemer for oppf\u00f8lging av sikkerhet og kvalitet.<\/p>\n<p>Pharmaprim er medlem i den svenske L\u00e4kemedelsf\u00f6rs\u00e4kringen og i den tilsvarende norske Legemiddelforsikringen.<\/p>\n<p>Kontakt:<\/p>\n<p>For rapportering av bivirkninger eller sp\u00f8rsm\u00e5l ang\u00e5ende kvalitet\/sikkerhet, send en e-post til pharmaprim@srs.se\u00a0eller ring +46 8 35 59 33<\/p>\n<\/div>\n<\/div>\n<\/div>\n<\/div>\n","protected":false},"excerpt":{"rendered":"<p>Pasientens sikkerhet har h\u00f8yeste prioritet for oss. Produktene v\u00e5re lever opp til de strenge kravene som stilles til sikkerhet og kvalitet fra europeiske og nasjonale overv\u00e5knings- og godkjenningsmyndigheter. Pharmaprim har grossisttillatelse utstedt av det svenske L\u00e4kemedelsverket. V\u00e5re produsenter og distribut\u00f8rer lever opp til internasjonale standarder innen Good Manufacturing Practice (GMP) og Good Distribution Practice (GDP). [&hellip;]<\/p>\n","protected":false},"author":1,"featured_media":133,"parent":0,"menu_order":0,"comment_status":"closed","ping_status":"closed","template":"","meta":{"footnotes":"","_locale":"nb_NO","_original_post":"31"},"_links":{"self":[{"href":"https:\/\/pharmaprim.com\/wp-json\/wp\/v2\/pages\/405"}],"collection":[{"href":"https:\/\/pharmaprim.com\/wp-json\/wp\/v2\/pages"}],"about":[{"href":"https:\/\/pharmaprim.com\/wp-json\/wp\/v2\/types\/page"}],"author":[{"embeddable":true,"href":"https:\/\/pharmaprim.com\/wp-json\/wp\/v2\/users\/1"}],"replies":[{"embeddable":true,"href":"https:\/\/pharmaprim.com\/wp-json\/wp\/v2\/comments?post=405"}],"version-history":[{"count":2,"href":"https:\/\/pharmaprim.com\/wp-json\/wp\/v2\/pages\/405\/revisions"}],"predecessor-version":[{"id":449,"href":"https:\/\/pharmaprim.com\/wp-json\/wp\/v2\/pages\/405\/revisions\/449"}],"wp:featuredmedia":[{"embeddable":true,"href":"https:\/\/pharmaprim.com\/wp-json\/wp\/v2\/media\/133"}],"wp:attachment":[{"href":"https:\/\/pharmaprim.com\/wp-json\/wp\/v2\/media?parent=405"}],"curies":[{"name":"wp","href":"https:\/\/api.w.org\/{rel}","templated":true}]}}