{"id":406,"date":"2021-09-17T15:19:08","date_gmt":"2021-09-17T13:19:08","guid":{"rendered":"https:\/\/pharmaprim.com\/?page_id=406"},"modified":"2023-10-10T14:49:03","modified_gmt":"2023-10-10T12:49:03","slug":"our-products","status":"publish","type":"page","link":"https:\/\/pharmaprim.com\/nb\/our-products\/","title":{"rendered":"V\u00e5re produkter"},"content":{"rendered":"<div class=\"page\" title=\"Page 1\">\n<div class=\"section\">\n<div class=\"layoutArea\">\n<div class=\"column\">\n<p>Produktportef\u00f8ljen v\u00e5r er i rask utvikling. Den best\u00e5r av reseptbelagte legemidler og medisintekniske, CE-merkede produkter fortrinnsvis innenfor spesialhelsetjenesten. V\u00e5re n\u00e5v\u00e6rende sykdomsomr\u00e5der er urologi, revmatologi og osteoporose. Vi vurderer fortl\u00f8pende nye produkter og etterstreber en portef\u00f8lje der synergier kan oppn\u00e5s mellom m\u00e5lgrupper og sykdomsomr\u00e5der, slik at vi p\u00e5 den m\u00e5ten kan arbeide smart og kostnadseffektivt.<\/p>\n<h3 class=\"p1\">Urologi<\/h3>\n<p>Spedra (avanafil) er en sv\u00e6rt selektiv fosfodiesterasehemmer (PDE5-hemmer) for behandling av erektil dysfunksjon hos voksne menn. Spedra ble introdusert globalt i 2014 og Pharmaprim tok\u00a0 Spedra til Norge i 2017. Vi markedsf\u00f8rer ogs\u00e5 Spedra i Sverige og Danmark. Spedra har egenskaper som kombinerer det som er karakteristisk for Viagra (sildenafil) &#8211; effekten kommer raskt, og det som er karakteristisk for Cialis (tadalafil) &#8211; lang effektvarighet. Dessuten er forekomsten av bivirkninger med Spedra lavere, grunnet den sv\u00e6rt h\u00f8ye selektiviteten for PDE5. Les mere om Spedra her:\u00a0<a href=\"http:\/\/www.spedra.no\">http:\/\/www.spedra.no<\/a><\/p>\n<h3 class=\"p1\">Revmatologi<\/h3>\n<p>Pharmaprim introduserte Adenuric (febuksostat), et legemiddel for behandling av gikt, i Norge i 2017. Adenuric er samme type av legemiddel som allopurinol (xantineoxidashemmer) men skiller seg fra allopurinol i noen viktige aspekter, effekten kommer raskere og behoven for titrering er lav. De fleste pasienter n\u00e5r m\u00e5lverdien for urinsyre med Adenuric 80 mg. Adenuric er med p\u00e5 Bl\u00e5 Resept til pasienter som ikke kan behandles med allopurinol. Adenuric har v\u00e6rt p\u00e5 markedet i flere land i Europa siden 2009. I Norge finnes det en lang erfaring med febuksostat fra legemidlet Uloric som er den amerikanske tilsvarigheten til Adenuric. Uloric er ikke med p\u00e5 Bl\u00e5 Resept.<\/p>\n<p>Klikk her for \u00e5 lese mer om Adenuric\u00a0<a href=\"https:\/\/www.felleskatalogen.no\/medisin\/adenuric-menarini-637792\">https:\/\/www.felleskatalogen.no\/medisin\/adenuric-menarini-637792<\/a><\/p>\n<h3 class=\"p1\">Osteoporose<\/h3>\n<p>Pharmaprim har en ekslusiv avtale med det schweiziske firmaet EffRx om distribusjon og markedsf\u00f8ring av Binosto (bufret brusetablett alendronat) 70 mg i Norden. Binosto har v\u00e6rt tilgjengelig i Europa og USA siden sex-syv \u00e5r tilbake. Binosto er en utvikling av et veldokumentert standardpreparat ved behandling av postmenopausal osteoporose, nemlig Fosamax (alendronat tabletter). Noen viktige forskjeller med Binosto er at det er en brusetablett som oppl\u00f8st har en pH p\u00e5 4,8-5,5. Dette medf\u00f8rer at gastrointestinale bivirkninger er mer sjeldne med Binosto, i forhold til vanlige tabletter med alendronat. Den forbedrede tolerabiliteten med Binosto medf\u00f8rer at pasienter blir st\u00e5ende lenger p\u00e5 behandling sammenlignet med tabletter alendronat. Binosto er med p\u00e5 Bl\u00e5 Resept til pasienter som ikke kan behandles med bisfosfonat tabletter grunnet gastrointestinale plager. Les mere om Binosto her:\u00a0<a href=\"http:\/\/www.binosto.no\">http:\/\/www.binosto.no<\/a><\/p>\n<h3 class=\"p1\">Andre sykdomsomr\u00e5der<\/h3>\n<p>Pharmaprim vurderer kontinuerlig produkter som oppfyller de h\u00f8ye kravene vi stiller til sikkerhet, dokumentasjon og kvalitet, og som fyller viktige behov for pasienter og helsevesen.<\/p>\n<\/div>\n<\/div>\n<\/div>\n<\/div>\n","protected":false},"excerpt":{"rendered":"<p>Produktportef\u00f8ljen v\u00e5r er i rask utvikling. Den best\u00e5r av reseptbelagte legemidler og medisintekniske, CE-merkede produkter fortrinnsvis innenfor spesialhelsetjenesten. V\u00e5re n\u00e5v\u00e6rende sykdomsomr\u00e5der er urologi, revmatologi og osteoporose. Vi vurderer fortl\u00f8pende nye produkter og etterstreber en portef\u00f8lje der synergier kan oppn\u00e5s mellom m\u00e5lgrupper og sykdomsomr\u00e5der, slik at vi p\u00e5 den m\u00e5ten kan arbeide smart og kostnadseffektivt. Urologi [&hellip;]<\/p>\n","protected":false},"author":1,"featured_media":132,"parent":0,"menu_order":0,"comment_status":"closed","ping_status":"closed","template":"","meta":{"footnotes":"","_locale":"nb_NO","_original_post":"13"},"_links":{"self":[{"href":"https:\/\/pharmaprim.com\/wp-json\/wp\/v2\/pages\/406"}],"collection":[{"href":"https:\/\/pharmaprim.com\/wp-json\/wp\/v2\/pages"}],"about":[{"href":"https:\/\/pharmaprim.com\/wp-json\/wp\/v2\/types\/page"}],"author":[{"embeddable":true,"href":"https:\/\/pharmaprim.com\/wp-json\/wp\/v2\/users\/1"}],"replies":[{"embeddable":true,"href":"https:\/\/pharmaprim.com\/wp-json\/wp\/v2\/comments?post=406"}],"version-history":[{"count":2,"href":"https:\/\/pharmaprim.com\/wp-json\/wp\/v2\/pages\/406\/revisions"}],"predecessor-version":[{"id":455,"href":"https:\/\/pharmaprim.com\/wp-json\/wp\/v2\/pages\/406\/revisions\/455"}],"wp:featuredmedia":[{"embeddable":true,"href":"https:\/\/pharmaprim.com\/wp-json\/wp\/v2\/media\/132"}],"wp:attachment":[{"href":"https:\/\/pharmaprim.com\/wp-json\/wp\/v2\/media?parent=406"}],"curies":[{"name":"wp","href":"https:\/\/api.w.org\/{rel}","templated":true}]}}