{"id":110,"date":"2015-10-20T11:19:30","date_gmt":"2015-10-20T09:19:30","guid":{"rendered":"http:\/\/pharmaprim.com\/?page_id=110"},"modified":"2015-11-10T14:39:08","modified_gmt":"2015-11-10T13:39:08","slug":"om-oss","status":"publish","type":"page","link":"https:\/\/pharmaprim.com\/sv\/om-oss\/","title":{"rendered":"Om oss"},"content":{"rendered":"<p class=\"p1\"><span class=\"s1\">Pharmaprim \u00e4r ett privat\u00e4gt l\u00e4kemedelsf\u00f6retag med verksamhet \u00f6ver hela Norden. V\u00e5ra produkter \u00e4r framf\u00f6r allt receptbelagda l\u00e4kemedel men vi har \u00e4ven medicintekniska CE-m\u00e4rkta produkter i portf\u00f6ljen. Pharmaprim v\u00e4xer snabbt och under de n\u00e4rmaste \u00e5ren kommer flera nya produkter att lanseras. <\/span><\/p>\n<p class=\"p1\"><span class=\"s1\">V\u00e5ra produkter h\u00e4rr\u00f6r fr\u00e5n utl\u00e4ndska f\u00f6retag som vill ha en framg\u00e5ngsrik representation i Norden. P\u00e5 Pharmaprim v\u00e4ljer vi noggrant ut v\u00e5ra produkter genom en rigor\u00f6s urvalsprocess d\u00e4r vi efterstr\u00e4var en portf\u00f6lj med\u00a0produkter inom sjukdomsomr\u00e5den d\u00e4r behovet \u00e4r stort och d\u00e4r synergier mellan produkter kan uppn\u00e5s i marknadsf\u00f6ring och f\u00f6rs\u00e4ljning. <\/span><\/p>\n<p class=\"p1\"><span class=\"s1\">V\u00e5ra medarbetare har en gedigen branscherfarenhet med m\u00e5nga\u00a0framg\u00e5ngsrika projekt bakom sig. V\u00e5ra k\u00e4rnkompetenser \u00e4r inom marknadsf\u00f6ring, f\u00f6rs\u00e4ljning och aff\u00e4rsutveckling. Vi har h\u00f6gt st\u00e4llda krav p\u00e5 s\u00e4kerhet, dokumentation och kvalitet kring v\u00e5ra produkter.<\/span><\/p>\n<h3 class=\"p1\"><span class=\"s1\">Vad vi g\u00f6r<\/span><\/h3>\n<p class=\"p1\"><span class=\"s1\">Pharmaprim marknadsf\u00f6r och s\u00e4ljer l\u00e4kemedel och medicintekniska produkter i Norden. V\u00e5ra produkter kommer fr\u00e5n etablerade och h\u00f6gt ansedda samarbetspartners i Europa. Vi har ett integrerat samarbete med Nordiska akt\u00f6rer inom logistik, registrering, h\u00e4lsoekonomi och s\u00e4kerhetsuppf\u00f6ljning.<\/span><\/p>\n","protected":false},"excerpt":{"rendered":"<p>Pharmaprim \u00e4r ett privat\u00e4gt l\u00e4kemedelsf\u00f6retag med verksamhet \u00f6ver hela Norden. V\u00e5ra produkter \u00e4r framf\u00f6r allt receptbelagda l\u00e4kemedel men vi har \u00e4ven medicintekniska CE-m\u00e4rkta produkter i portf\u00f6ljen. Pharmaprim v\u00e4xer snabbt och under de n\u00e4rmaste \u00e5ren kommer flera nya produkter att lanseras. V\u00e5ra produkter h\u00e4rr\u00f6r fr\u00e5n utl\u00e4ndska f\u00f6retag som vill ha en framg\u00e5ngsrik representation i Norden. P\u00e5 [&hellip;]<\/p>\n","protected":false},"author":1,"featured_media":172,"parent":0,"menu_order":0,"comment_status":"closed","ping_status":"closed","template":"","meta":{"footnotes":"","_locale":"sv_SE","_original_post":"106"},"_links":{"self":[{"href":"https:\/\/pharmaprim.com\/wp-json\/wp\/v2\/pages\/110"}],"collection":[{"href":"https:\/\/pharmaprim.com\/wp-json\/wp\/v2\/pages"}],"about":[{"href":"https:\/\/pharmaprim.com\/wp-json\/wp\/v2\/types\/page"}],"author":[{"embeddable":true,"href":"https:\/\/pharmaprim.com\/wp-json\/wp\/v2\/users\/1"}],"replies":[{"embeddable":true,"href":"https:\/\/pharmaprim.com\/wp-json\/wp\/v2\/comments?post=110"}],"version-history":[{"count":4,"href":"https:\/\/pharmaprim.com\/wp-json\/wp\/v2\/pages\/110\/revisions"}],"predecessor-version":[{"id":143,"href":"https:\/\/pharmaprim.com\/wp-json\/wp\/v2\/pages\/110\/revisions\/143"}],"wp:featuredmedia":[{"embeddable":true,"href":"https:\/\/pharmaprim.com\/wp-json\/wp\/v2\/media\/172"}],"wp:attachment":[{"href":"https:\/\/pharmaprim.com\/wp-json\/wp\/v2\/media?parent=110"}],"curies":[{"name":"wp","href":"https:\/\/api.w.org\/{rel}","templated":true}]}}