{"id":13,"date":"2015-10-19T16:58:57","date_gmt":"2015-10-19T14:58:57","guid":{"rendered":"http:\/\/pharmaprim.com\/?page_id=13"},"modified":"2023-10-10T14:49:58","modified_gmt":"2023-10-10T12:49:58","slug":"vara-produkter","status":"publish","type":"page","link":"https:\/\/pharmaprim.com\/sv\/vara-produkter\/","title":{"rendered":"V\u00e5ra Produkter"},"content":{"rendered":"<div class=\"page\" title=\"Page 1\">\n<div class=\"section\">\n<div class=\"layoutArea\">\n<div class=\"column\">\n<p class=\"p1\"><span class=\"s1\">V\u00e5r produktportf\u00f6lj \u00e4r under snabb utveckling. Den best\u00e5r av receptbelagda l\u00e4kemedel och medicintekniska CE-m\u00e4rkta produkter fr\u00e4mst inom specialistsjukv\u00e5rd. V\u00e5ra nuvarande sjukdomsomr\u00e5den \u00e4r Urologi, Reumatologi och Osteoporos. Vi utv\u00e4rderar fortl\u00f6pande nya produkter och efterstr\u00e4var en portf\u00f6lj d\u00e4r synergier kan uppn\u00e5s mellan m\u00e5lgrupper och sjukdomsomr\u00e5den s\u00e5 att vi d\u00e4rigenom kan arbeta smart och kostnadseffektivt. <\/span><\/p>\n<h3 class=\"p1\"><span class=\"s1\">Urologi<\/span><\/h3>\n<p class=\"p1\">Under h\u00f6sten 2016 lanserade\u00a0Pharmaprim en ny selektiv fosfodiesterash\u00e4mmare (PDE5-h\u00e4mmare) f\u00f6r behandling av erektil dysfunktion hos vuxna m\u00e4n. L\u00e4kemedlet heter Spedra (avanafil) tillhandah\u00e5lls\u00a0i Sverige, Norge och Danmark. Klicka h\u00e4r f\u00f6r att ta del av produktresum\u00e9 <a href=\"http:\/\/www.ema.europa.eu\/docs\/sv_SE\/document_library\/EPAR_-_Product_Information\/human\/002581\/WC500145206.pdf\" target=\"_blank\" rel=\"noopener noreferrer\">Produktresum\u00e9 Spedra (avanafil)<\/a><\/p>\n<p class=\"p1\"><a href=\"https:\/\/spedra.se\" target=\"_blank\" rel=\"noopener noreferrer\">Klicka h\u00e4r f\u00f6r att komma till produktsidan f\u00f6r Spedra<\/a><\/p>\n<h3><\/h3>\n<h3>Njursten &#8211; f\u00f6rebyggande behandling<\/h3>\n<p>Pharmaprim har \u00e4nda sedan 2015 haft ett intresse f\u00f6r behandling av njursten. Under 2021 introducerar vi helt nya behandlingskoncept som \u00e4ven h\u00e5ller p\u00e5 att lanseras internationellt. Ta kontakt f\u00f6r att f\u00e5 veta mer info@pharmaprim.com<\/p>\n<h3><\/h3>\n<h3 class=\"p1\">Reumatologi<\/h3>\n<p>Adenuric (febuxostat) \u00e4r ett l\u00e4kemedel f\u00f6r behandling av gikt. Adenuric registrerades i Europa 2009 och har s\u00e5lts i flertalet l\u00e4nder inom EU innan vi introducerade Adenuric\u00a0 till reumatologer och allm\u00e4nl\u00e4kare. Sedan september 2017 ing\u00e5r Adenuric i l\u00e4kemedelsf\u00f6rm\u00e5nen till patienter med gikt n\u00e4r allopurinol \u00e4r kontraindicerat eller n\u00e4r allopurinol har givit biverkningar. Adenuric har samma verkningsmekanism som allopurinol (xantinoxidash\u00e4mmare) men \u00e4r mer selektiv och mer potent. S\u00e4nkningen av urat kommer snabbt, redan efter tv\u00e5 veckor kan s-urat m\u00e4tas. Adenuric 80 mg \u00e4r startdos och vanlig underh\u00e5llsdos. Klicka h\u00e4r f\u00f6r att ta l\u00e4sa vidare om <a href=\"http:\/\/www.fass.se\/LIF\/result?query=adenuric&amp;userType=0\">Adenuric p\u00e5 FASS\u00a0<\/a><\/p>\n<p>Klicka h\u00e4r f\u00f6r att komma till produktsidan f\u00f6r Adenuric\u00a0<a href=\"http:\/\/www.pharmaprim.com\/adenuric\">http:\/\/www.pharmaprim.com\/adenuric<\/a><\/p>\n<h3 class=\"p1\"><span class=\"s1\">Osteoporos<\/span><\/h3>\n<p class=\"p1\"><span class=\"s1\">Pharmaprim har ett avtal med Schweiziska f\u00f6retaget EffRx om distribution och marknadsf\u00f6ring av det nya l\u00e4kemedlet Binosto. Binosto bygger p\u00e5 en v\u00e4l etablerad behandling som anv\u00e4nds \u00f6ver hela v\u00e4rlden sedan 1995. Binosto \u00e4r en vidareutveckling av l\u00e4kemedlet Fosamax (alendronat tabletter) men skiljer fr\u00e5n alendronat tabletter i n\u00e5gra viktiga avseenden. Binosto (buffrad brustablett alendronat) 70 mg f\u00f6r veckodosering \u00e4r tillg\u00e4nglig i Sverige, Norge, Danmark och Finland. Binosto \u00e4r godk\u00e4nd f\u00f6r behandling av postmenopausal osteoporos (bensk\u00f6rhet som drabbar m\u00e5nga kvinnor i samband med menopaus\/klimakteriet). Binosto har funnits tillg\u00e4nglig i flera l\u00e4nder i Europa sedan sex-sju \u00e5r tillbaka.\u00a0<\/span><\/p>\n<p>En viktig aspekt med Binosto \u00e4r &#8221;buffringen&#8221; som medf\u00f6r att pH i magen h\u00f6js strax efter att patienten svalt den uppl\u00f6sta brustabletten. Risken att tabletten fastnar i matstrupen \u00e4r l\u00e5g och vid eventuell reflux \u00e4r retningen i matstrupen mindre \u00e4n med vanliga tabletter. Den aktiva substansen i Binosto, alendronat, har visat h\u00f6g effektivitet i att f\u00f6rebygga frakturer men en del patienter som behandlar med alendronat tabletter kan uppleva magbiverkningar och d\u00e4rf\u00f6r avbryter de behandlingen. Med Binosto minskar risken f\u00f6r magbiverkningar och fler patienter kan st\u00e5 kvar p\u00e5 sin f\u00f6rebyggande behandling. Patienter som har sv\u00e5rt att sv\u00e4lja kan ocks\u00e5 tycka att det \u00e4r l\u00e4ttare med en brustablett.<\/p>\n<p>L\u00e4s mer om Binosto <a href=\"http:\/\/www.binosto.se\">http:\/\/www.binosto.se<\/a><\/p>\n<h3 class=\"p1\"><span class=\"s1\">Andra sjukdomsomr\u00e5den<\/span><\/h3>\n<p class=\"p1\"><span class=\"s1\">Pharmaprim utv\u00e4rderar kontinuerligt produkter som uppfyller v\u00e5ra h\u00f6gt st\u00e4llda krav inom s\u00e4kerhet, dokumentation och kvalitet och som fyller viktiga behov f\u00f6r patienter och sjukv\u00e5rd<\/span><\/p>\n<\/div>\n<\/div>\n<\/div>\n<\/div>\n","protected":false},"excerpt":{"rendered":"<p>V\u00e5r produktportf\u00f6lj \u00e4r under snabb utveckling. Den best\u00e5r av receptbelagda l\u00e4kemedel och medicintekniska CE-m\u00e4rkta produkter fr\u00e4mst inom specialistsjukv\u00e5rd. V\u00e5ra nuvarande sjukdomsomr\u00e5den \u00e4r Urologi, Reumatologi och Osteoporos. Vi utv\u00e4rderar fortl\u00f6pande nya produkter och efterstr\u00e4var en portf\u00f6lj d\u00e4r synergier kan uppn\u00e5s mellan m\u00e5lgrupper och sjukdomsomr\u00e5den s\u00e5 att vi d\u00e4rigenom kan arbeta smart och kostnadseffektivt. Urologi Under h\u00f6sten [&hellip;]<\/p>\n","protected":false},"author":1,"featured_media":132,"parent":0,"menu_order":0,"comment_status":"closed","ping_status":"closed","template":"","meta":{"footnotes":"","_locale":"sv_SE","_original_post":"13"},"_links":{"self":[{"href":"https:\/\/pharmaprim.com\/wp-json\/wp\/v2\/pages\/13"}],"collection":[{"href":"https:\/\/pharmaprim.com\/wp-json\/wp\/v2\/pages"}],"about":[{"href":"https:\/\/pharmaprim.com\/wp-json\/wp\/v2\/types\/page"}],"author":[{"embeddable":true,"href":"https:\/\/pharmaprim.com\/wp-json\/wp\/v2\/users\/1"}],"replies":[{"embeddable":true,"href":"https:\/\/pharmaprim.com\/wp-json\/wp\/v2\/comments?post=13"}],"version-history":[{"count":20,"href":"https:\/\/pharmaprim.com\/wp-json\/wp\/v2\/pages\/13\/revisions"}],"predecessor-version":[{"id":457,"href":"https:\/\/pharmaprim.com\/wp-json\/wp\/v2\/pages\/13\/revisions\/457"}],"wp:featuredmedia":[{"embeddable":true,"href":"https:\/\/pharmaprim.com\/wp-json\/wp\/v2\/media\/132"}],"wp:attachment":[{"href":"https:\/\/pharmaprim.com\/wp-json\/wp\/v2\/media?parent=13"}],"curies":[{"name":"wp","href":"https:\/\/api.w.org\/{rel}","templated":true}]}}