{"id":2,"date":"2015-10-19T15:33:29","date_gmt":"2015-10-19T13:33:30","guid":{"rendered":"http:\/\/pharmaprim.com\/?page_id=2"},"modified":"2021-03-26T09:22:03","modified_gmt":"2021-03-26T08:22:03","slug":"exempelsida","status":"publish","type":"page","link":"https:\/\/pharmaprim.com\/","title":{"rendered":"Vad vi g\u00f6r"},"content":{"rendered":"<div class=\"page\" title=\"Page 1\">\n<div class=\"section\">\n<div class=\"layoutArea\">\n<div class=\"column\">\n<h3>Pharmaprim marknadsf\u00f6r och s\u00e4ljer l\u00e4kemedel och medicintekniska produkter i Norden. V\u00e5ra produkter kommer fr\u00e5n etablerade och h\u00f6gt ansedda samarbetspartners i Europa.<\/h3>\n<h3>Vi har ett integrerat samarbete med Nordiska akt\u00f6rer inom logistik, registrering, h\u00e4lsoekonomi och s\u00e4kerhetsuppf\u00f6ljning.<\/h3>\n<\/div>\n<\/div>\n<\/div>\n<\/div>\n<p><a class=\"bttn read-more-bttn\" href=\"\/om-oss\">L\u00e4s mer<\/a><\/p>\n","protected":false},"excerpt":{"rendered":"<p>Pharmaprim marknadsf\u00f6r och s\u00e4ljer l\u00e4kemedel och medicintekniska produkter i Norden. V\u00e5ra produkter kommer fr\u00e5n etablerade och h\u00f6gt ansedda samarbetspartners i Europa. Vi har ett integrerat samarbete med Nordiska akt\u00f6rer inom logistik, registrering, h\u00e4lsoekonomi och s\u00e4kerhetsuppf\u00f6ljning. L\u00e4s mer<\/p>\n","protected":false},"author":1,"featured_media":0,"parent":0,"menu_order":0,"comment_status":"closed","ping_status":"open","template":"","meta":{"footnotes":"","_locale":"sv_SE","_original_post":"2"},"_links":{"self":[{"href":"https:\/\/pharmaprim.com\/wp-json\/wp\/v2\/pages\/2"}],"collection":[{"href":"https:\/\/pharmaprim.com\/wp-json\/wp\/v2\/pages"}],"about":[{"href":"https:\/\/pharmaprim.com\/wp-json\/wp\/v2\/types\/page"}],"author":[{"embeddable":true,"href":"https:\/\/pharmaprim.com\/wp-json\/wp\/v2\/users\/1"}],"replies":[{"embeddable":true,"href":"https:\/\/pharmaprim.com\/wp-json\/wp\/v2\/comments?post=2"}],"version-history":[{"count":18,"href":"https:\/\/pharmaprim.com\/wp-json\/wp\/v2\/pages\/2\/revisions"}],"predecessor-version":[{"id":349,"href":"https:\/\/pharmaprim.com\/wp-json\/wp\/v2\/pages\/2\/revisions\/349"}],"wp:attachment":[{"href":"https:\/\/pharmaprim.com\/wp-json\/wp\/v2\/media?parent=2"}],"curies":[{"name":"wp","href":"https:\/\/api.w.org\/{rel}","templated":true}]}}