{"id":29,"date":"2015-10-19T17:59:17","date_gmt":"2015-10-19T15:59:17","guid":{"rendered":"http:\/\/pharmaprim.com\/?page_id=29"},"modified":"2015-10-20T17:05:56","modified_gmt":"2015-10-20T15:05:56","slug":"affarsutveckling","status":"publish","type":"page","link":"https:\/\/pharmaprim.com\/sv\/affarsutveckling\/","title":{"rendered":"Aff\u00e4rsutveckling"},"content":{"rendered":"<p>Pharmaprim har ett brett internationellt n\u00e4tverk med f\u00f6retag som s\u00f6ker representation i Norden. Vi\u00a0har l\u00e5ng erfarenhet av in- och utlicensiering, av att utv\u00e4rdera aff\u00e4rsm\u00f6jligheter och av att uppr\u00e4tta\u00a0l\u00e5ngsiktiga relationer. Vi har en regelbunden dialog med v\u00e5rt n\u00e4tverk av etablerade utl\u00e4ndska f\u00f6retag\u00a0och utv\u00e4rderar kontinuerligt nya potentiella produkter f\u00f6r nordisk sjukv\u00e5rd som lever upp till v\u00e5ra\u00a0h\u00f6gt st\u00e4llda krav.<\/p>\n","protected":false},"excerpt":{"rendered":"<p>Pharmaprim har ett brett internationellt n\u00e4tverk med f\u00f6retag som s\u00f6ker representation i Norden. Vi\u00a0har l\u00e5ng erfarenhet av in- och utlicensiering, av att utv\u00e4rdera aff\u00e4rsm\u00f6jligheter och av att uppr\u00e4tta\u00a0l\u00e5ngsiktiga relationer. Vi har en regelbunden dialog med v\u00e5rt n\u00e4tverk av etablerade utl\u00e4ndska f\u00f6retag\u00a0och utv\u00e4rderar kontinuerligt nya potentiella produkter f\u00f6r nordisk sjukv\u00e5rd som lever upp till v\u00e5ra\u00a0h\u00f6gt st\u00e4llda [&hellip;]<\/p>\n","protected":false},"author":1,"featured_media":139,"parent":0,"menu_order":0,"comment_status":"closed","ping_status":"closed","template":"","meta":{"footnotes":"","_locale":"sv_SE","_original_post":"29"},"_links":{"self":[{"href":"https:\/\/pharmaprim.com\/wp-json\/wp\/v2\/pages\/29"}],"collection":[{"href":"https:\/\/pharmaprim.com\/wp-json\/wp\/v2\/pages"}],"about":[{"href":"https:\/\/pharmaprim.com\/wp-json\/wp\/v2\/types\/page"}],"author":[{"embeddable":true,"href":"https:\/\/pharmaprim.com\/wp-json\/wp\/v2\/users\/1"}],"replies":[{"embeddable":true,"href":"https:\/\/pharmaprim.com\/wp-json\/wp\/v2\/comments?post=29"}],"version-history":[{"count":2,"href":"https:\/\/pharmaprim.com\/wp-json\/wp\/v2\/pages\/29\/revisions"}],"predecessor-version":[{"id":90,"href":"https:\/\/pharmaprim.com\/wp-json\/wp\/v2\/pages\/29\/revisions\/90"}],"wp:featuredmedia":[{"embeddable":true,"href":"https:\/\/pharmaprim.com\/wp-json\/wp\/v2\/media\/139"}],"wp:attachment":[{"href":"https:\/\/pharmaprim.com\/wp-json\/wp\/v2\/media?parent=29"}],"curies":[{"name":"wp","href":"https:\/\/api.w.org\/{rel}","templated":true}]}}