{"id":31,"date":"2015-10-19T18:00:09","date_gmt":"2015-10-19T16:00:09","guid":{"rendered":"http:\/\/pharmaprim.com\/?page_id=31"},"modified":"2023-09-19T15:50:12","modified_gmt":"2023-09-19T13:50:12","slug":"sakerhet-och-kvalitet","status":"publish","type":"page","link":"https:\/\/pharmaprim.com\/sv\/sakerhet-och-kvalitet\/","title":{"rendered":"S\u00e4kerhet och kvalitet"},"content":{"rendered":"<div class=\"page\" title=\"Page 1\">\n<div class=\"section\">\n<div class=\"layoutArea\">\n<div class=\"column\">\n<p class=\"p1\"><span class=\"s1\">Patientens s\u00e4kerhet har h\u00f6gsta prioritet f\u00f6r oss. V\u00e5ra produkter lever upp till h\u00f6gt st\u00e4llda krav p\u00e5 s\u00e4kerhet och kvalitet som st\u00e4llts av europeiska och nationella godk\u00e4nnande och \u00f6vervakande myndigheter. Pharmaprim har Partihandelstillst\u00e5nd utf\u00e4rdat av det svenska L\u00e4kemedelsverket. V\u00e5ra tillverkare och distribut\u00f6rer lever upp till internationella standarder inom Good Manufacturing Practice (GMP) och Good Distribution Practice (GDP). Vi utf\u00f6r regelbundna kontroller av v\u00e5ra leverant\u00f6rer och distribut\u00f6rer och har system f\u00f6r uppf\u00f6ljning av s\u00e4kerhet och kvalitet. <\/span><\/p>\n<p class=\"p1\"><span class=\"s1\">Pharmaprim \u00e4r medlem i den svenska L\u00e4kemedelsf\u00f6rs\u00e4kringen och i den norska motsvarigheten Legemiddelforsikringen. <\/span><\/p>\n<p class=\"p1\">Kontakt:<\/p>\n<p class=\"p1\">F\u00f6r rapportering av biverkningar eller anm\u00e4lan av reklamationer kontakta oss p\u00e5 pharmaprim@srs.se eller ring 08-35 59 33<\/p>\n<\/div>\n<\/div>\n<\/div>\n<\/div>\n","protected":false},"excerpt":{"rendered":"<p>Patientens s\u00e4kerhet har h\u00f6gsta prioritet f\u00f6r oss. V\u00e5ra produkter lever upp till h\u00f6gt st\u00e4llda krav p\u00e5 s\u00e4kerhet och kvalitet som st\u00e4llts av europeiska och nationella godk\u00e4nnande och \u00f6vervakande myndigheter. Pharmaprim har Partihandelstillst\u00e5nd utf\u00e4rdat av det svenska L\u00e4kemedelsverket. V\u00e5ra tillverkare och distribut\u00f6rer lever upp till internationella standarder inom Good Manufacturing Practice (GMP) och Good Distribution Practice [&hellip;]<\/p>\n","protected":false},"author":1,"featured_media":133,"parent":0,"menu_order":0,"comment_status":"closed","ping_status":"closed","template":"","meta":{"footnotes":"","_locale":"sv_SE","_original_post":"31"},"_links":{"self":[{"href":"https:\/\/pharmaprim.com\/wp-json\/wp\/v2\/pages\/31"}],"collection":[{"href":"https:\/\/pharmaprim.com\/wp-json\/wp\/v2\/pages"}],"about":[{"href":"https:\/\/pharmaprim.com\/wp-json\/wp\/v2\/types\/page"}],"author":[{"embeddable":true,"href":"https:\/\/pharmaprim.com\/wp-json\/wp\/v2\/users\/1"}],"replies":[{"embeddable":true,"href":"https:\/\/pharmaprim.com\/wp-json\/wp\/v2\/comments?post=31"}],"version-history":[{"count":6,"href":"https:\/\/pharmaprim.com\/wp-json\/wp\/v2\/pages\/31\/revisions"}],"predecessor-version":[{"id":450,"href":"https:\/\/pharmaprim.com\/wp-json\/wp\/v2\/pages\/31\/revisions\/450"}],"wp:featuredmedia":[{"embeddable":true,"href":"https:\/\/pharmaprim.com\/wp-json\/wp\/v2\/media\/133"}],"wp:attachment":[{"href":"https:\/\/pharmaprim.com\/wp-json\/wp\/v2\/media?parent=31"}],"curies":[{"name":"wp","href":"https:\/\/api.w.org\/{rel}","templated":true}]}}